{"id":2066,"date":"2022-05-11T08:40:24","date_gmt":"2022-05-11T08:40:24","guid":{"rendered":"https:\/\/modinatheme.com\/dustrix\/?page_id=10"},"modified":"2025-02-13T08:26:33","modified_gmt":"2025-02-13T08:26:33","slug":"home-1","status":"publish","type":"page","link":"https:\/\/mntasarim.com.tr\/tr\/","title":{"rendered":"Ana Sayfa"},"content":{"rendered":"\t\t<div data-elementor-type=\"wp-page\" data-elementor-id=\"2066\" class=\"elementor elementor-2066\">\n\t\t\t\t\t\t<section class=\"elementor-section elementor-top-section elementor-element elementor-element-bffa764 elementor-section-full_width elementor-section-height-default elementor-section-height-default\" data-id=\"bffa764\" data-element_type=\"section\">\n\t\t\t\t\t\t<div class=\"elementor-container elementor-column-gap-no\">\n\t\t\t\t\t<div class=\"elementor-column elementor-col-100 elementor-top-column elementor-element elementor-element-b90eafd\" data-id=\"b90eafd\" data-element_type=\"column\">\n\t\t\t<div class=\"elementor-widget-wrap elementor-element-populated\">\n\t\t\t\t\t\t<div class=\"elementor-element elementor-element-ef5d3e9 elementor-widget elementor-widget-modina_hero\" data-id=\"ef5d3e9\" data-element_type=\"widget\" data-widget_type=\"modina_hero.default\">\n\t\t\t\t<div class=\"elementor-widget-container\">\n\t\t\t\t\t<section class=\"hero-slide-wrapper hero-1\">\r\n    <div class=\"hero-slider-active slider-309 owl-theme owl-carousel\">\r\n            <div class=\"single-slide bg-cover\" style=\"background-image: url('https:\/\/mntasarim.com.tr\/tr\/wp-content\/uploads\/2024\/11\/page-banner.jpg')\">\r\n            <div class=\"container\">\r\n                <div class=\"row\">\r\n                    <div class=\"col-12 col-lg-10 col-xl-10\">\r\n                        <div class=\"hero-contents\">\r\n                                                        <h3 class=\"animated-text small-heading\">Tala\u015fl\u0131 \u00dcretim<\/h3>\r\n                                                        <h1 class=\"animated-text bg-heading\">MN Tasar\u0131m&#039;a Ho\u015fgeldiniz<\/h1>\r\n                                                                                <\/div>\r\n                    <\/div>\r\n                <\/div>\r\n            <\/div>\r\n        <\/div>\r\n                <div class=\"single-slide bg-cover\" style=\"background-image: url('https:\/\/modinatheme.com\/dustrix\/wp-content\/uploads\/2022\/05\/slide3-min.jpg')\">\r\n            <div class=\"container\">\r\n                <div class=\"row\">\r\n                    <div class=\"col-12 col-lg-10 col-xl-10\">\r\n                        <div class=\"hero-contents\">\r\n                                                        <h3 class=\"animated-text small-heading\">MN Tasar\u0131m Ailesi olarak<\/h3>\r\n                                                        <h1 class=\"animated-text bg-heading\">Alan\u0131nda deneyimli kadro<\/h1>\r\n                                                                                <\/div>\r\n                    <\/div>\r\n                <\/div>\r\n            <\/div>\r\n        <\/div>\r\n            <\/div>\r\n<\/section>\r\n\r\n\r\n    <script>\r\n        (function ( $ ) {\r\n            \"use strict\";\r\n            $(document).ready( function() {\r\n               \r\n                const $owlCarousel =  $(\".hero-slider-active.slider-309\").owlCarousel({        \r\n                    items: 1,     \r\n                    dots: false,\r\n                    loop: true,\r\n                    autoplayTimeout: 8000,\r\n                    autoplay: true,\r\n                    nav: true,          \r\n                    navText: ['<i class=\"fal fa-long-arrow-left\"><\/i>', '<i class=\"fal fa-long-arrow-right\"><\/i>'],\r\n                });\r\n                \r\n                $(\".owl-carousel\").on(\"initialized.owl.carousel\", () => {\r\n                    setTimeout(() => {\r\n                        $(\".owl-item.active .animated-text\").addClass(\"is-transitioned\");\r\n                    }, 300);\r\n                });\r\n\r\n                $owlCarousel.on(\"changed.owl.carousel\", e => {\r\n                    $(\".animated-text\").removeClass(\"is-transitioned\");\r\n                    \r\n                    const $currentOwlItem = $(\".owl-item\").eq(e.item.index);\r\n                    $currentOwlItem.find(\".animated-text\").addClass(\"is-transitioned\");\r\n                    \r\n                    const $target = $currentOwlItem.find(\".hero-contents\");\r\n                });\r\n\r\n            });\r\n        }( jQuery ));\r\n    <\/script>\r\n\r\n    \t\t\t\t<\/div>\n\t\t\t\t<\/div>\n\t\t\t\t\t<\/div>\n\t\t<\/div>\n\t\t\t\t\t<\/div>\n\t\t<\/section>\n\t\t\t\t<section class=\"elementor-section elementor-top-section elementor-element elementor-element-8e2bb2f elementor-section-content-middle elementor-section-boxed elementor-section-height-default elementor-section-height-default\" data-id=\"8e2bb2f\" data-element_type=\"section\" data-settings=\"{&quot;background_background&quot;:&quot;classic&quot;}\">\n\t\t\t\t\t\t<div class=\"elementor-container elementor-column-gap-default\">\n\t\t\t\t\t<div class=\"elementor-column elementor-col-100 elementor-top-column elementor-element elementor-element-63ba6a7\" data-id=\"63ba6a7\" data-element_type=\"column\">\n\t\t\t<div class=\"elementor-widget-wrap elementor-element-populated\">\n\t\t\t\t\t\t<div class=\"elementor-element elementor-element-27c1ebf elementor-widget elementor-widget-modina_section_title\" data-id=\"27c1ebf\" data-element_type=\"widget\" data-widget_type=\"modina_section_title.default\">\n\t\t\t\t<div class=\"elementor-widget-container\">\n\t\t\t\t\t        <div class=\"section-title text-start\">\r\n        <span>Services<\/span>\r\n        <p>Alan\u0131nda Deneyimli<\/p>\r\n        <h2>Tecr\u00fcbeli Kadrosu \u0130le \u00fcretim yapmaktay\u0131z<\/h2>\r\n    <\/div>\r\n    \r\n    \r\n        \t\t\t\t<\/div>\n\t\t\t\t<\/div>\n\t\t\t\t<div class=\"elementor-element elementor-element-6c6e1a1 elementor-widget elementor-widget-heading\" data-id=\"6c6e1a1\" data-element_type=\"widget\" data-widget_type=\"heading.default\">\n\t\t\t\t<div class=\"elementor-widget-container\">\n\t\t\t\t\t<h4 class=\"elementor-heading-title elementor-size-default\">Mn Tasar\u0131m 2013 y\u0131l\u0131nda Bayrampa\u015fa\/\u0130stanbul da kurulmu\u015f ve tala\u015fl\u0131 imalat sekt\u00f6r\u00fcnde fason imalat\u0131 yaparak faaliyetlerine ba\u015flam\u0131\u015ft\u0131r.<\/h4>\t\t\t\t<\/div>\n\t\t\t\t<\/div>\n\t\t\t\t<div class=\"elementor-element elementor-element-548e0c0 elementor-widget elementor-widget-heading\" data-id=\"548e0c0\" data-element_type=\"widget\" data-widget_type=\"heading.default\">\n\t\t\t\t<div class=\"elementor-widget-container\">\n\t\t\t\t\t<p class=\"elementor-heading-title elementor-size-default\">Kuruldu\u011fu y\u0131ldan bu yana tala\u015fl\u0131 imalat sekt\u00f6r\u00fcnde en y\u00fcksek kalite standartlar\u0131nda \u00fcretim faaliyetlerini s\u00fcrd\u00fcrmektedir. 2017 y\u0131l\u0131na kadar \u0130stanbul da faaliyet g\u00f6steren Mn tasar\u0131m, kaynakl\u0131 imalat sekt\u00f6r\u00fcne de ad\u0131m atm\u0131\u015f ve tala\u015fl\u0131 imalat b\u00f6l\u00fcm\u00fcndeki CNC tezg\u00e2hlar\u0131n\u0131 2017 y\u0131l\u0131nda Dilovas\u0131 Organize Sanayine ta\u015f\u0131m\u0131\u015ft\u0131r. 4000x2100 \u00f6l\u00e7\u00fclerine kadar tek ba\u011flama par\u00e7a i\u015fleme kapasitesine sahip olan firmam\u0131z,s\u00fcrekli b\u00fcy\u00fcmeyi kendine ilke edinmi\u015ftir<\/p>\t\t\t\t<\/div>\n\t\t\t\t<\/div>\n\t\t\t\t<div class=\"elementor-element elementor-element-e41d3fd elementor-widget elementor-widget-button\" data-id=\"e41d3fd\" data-element_type=\"widget\" data-widget_type=\"button.default\">\n\t\t\t\t<div class=\"elementor-widget-container\">\n\t\t\t\t\t\t\t\t\t<div class=\"elementor-button-wrapper\">\n\t\t\t\t\t<a class=\"elementor-button elementor-button-link elementor-size-sm\" href=\"https:\/\/mntasarim.com.tr\/tr\/services\/\">\n\t\t\t\t\t\t<span class=\"elementor-button-content-wrapper\">\n\t\t\t\t\t\t<span class=\"elementor-button-icon\">\n\t\t\t\t<svg aria-hidden=\"true\" class=\"e-font-icon-svg e-fas-long-arrow-alt-right\" viewBox=\"0 0 448 512\" xmlns=\"http:\/\/www.w3.org\/2000\/svg\"><path d=\"M313.941 216H12c-6.627 0-12 5.373-12 12v56c0 6.627 5.373 12 12 12h301.941v46.059c0 21.382 25.851 32.09 40.971 16.971l86.059-86.059c9.373-9.373 9.373-24.569 0-33.941l-86.059-86.059c-15.119-15.119-40.971-4.411-40.971 16.971V216z\"><\/path><\/svg>\t\t\t<\/span>\n\t\t\t\t\t\t\t\t\t<span class=\"elementor-button-text\">Ne Yap\u0131yoruz<\/span>\n\t\t\t\t\t<\/span>\n\t\t\t\t\t<\/a>\n\t\t\t\t<\/div>\n\t\t\t\t\t\t\t\t<\/div>\n\t\t\t\t<\/div>\n\t\t\t\t\t<\/div>\n\t\t<\/div>\n\t\t\t\t\t<\/div>\n\t\t<\/section>\n\t\t\t\t<section class=\"elementor-section elementor-top-section elementor-element elementor-element-1a3a0ee elementor-section-boxed elementor-section-height-default elementor-section-height-default\" data-id=\"1a3a0ee\" data-element_type=\"section\" data-settings=\"{&quot;background_background&quot;:&quot;classic&quot;}\">\n\t\t\t\t\t\t<div class=\"elementor-container elementor-column-gap-default\">\n\t\t\t\t\t<div class=\"elementor-column elementor-col-100 elementor-top-column elementor-element elementor-element-2d79f1a\" data-id=\"2d79f1a\" data-element_type=\"column\">\n\t\t\t<div class=\"elementor-widget-wrap elementor-element-populated\">\n\t\t\t\t\t\t<div class=\"elementor-element elementor-element-70ca05b elementor-widget elementor-widget-modina_section_title\" data-id=\"70ca05b\" data-element_type=\"widget\" data-widget_type=\"modina_section_title.default\">\n\t\t\t\t<div class=\"elementor-widget-container\">\n\t\t\t\t\t        <div class=\"section-title text-center\">\r\n        <span>Services<\/span>\r\n        <p>2013 Y\u0131l\u0131ndan G\u00fcn\u00fcm\u00fcze<\/p>\r\n        <h2>MN tasar\u0131m ailesi olarak tala\u015fl\u0131 \u0130malat\u0131n her dal\u0131nda \u00fcretim yapmaktay\u0131z.<\/h2>\r\n    <\/div>\r\n    \r\n    \r\n        \t\t\t\t<\/div>\n\t\t\t\t<\/div>\n\t\t\t\t\t<\/div>\n\t\t<\/div>\n\t\t\t\t\t<\/div>\n\t\t<\/section>\n\t\t\t\t<section class=\"elementor-section elementor-top-section elementor-element elementor-element-059eac9 elementor-section-boxed elementor-section-height-default elementor-section-height-default\" data-id=\"059eac9\" data-element_type=\"section\">\n\t\t\t\t\t\t<div class=\"elementor-container elementor-column-gap-no\">\n\t\t\t\t\t<div class=\"elementor-column elementor-col-100 elementor-top-column elementor-element elementor-element-72e5a9a\" data-id=\"72e5a9a\" data-element_type=\"column\">\n\t\t\t<div class=\"elementor-widget-wrap elementor-element-populated\">\n\t\t\t\t\t\t<section class=\"elementor-section elementor-inner-section elementor-element elementor-element-2e2985b elementor-section-full_width elementor-section-content-middle elementor-section-height-default elementor-section-height-default\" data-id=\"2e2985b\" data-element_type=\"section\" data-settings=\"{&quot;background_background&quot;:&quot;classic&quot;}\">\n\t\t\t\t\t\t\t<div class=\"elementor-background-overlay\"><\/div>\n\t\t\t\t\t\t\t<div class=\"elementor-container elementor-column-gap-no\">\n\t\t\t\t\t<div class=\"elementor-column elementor-col-50 elementor-inner-column elementor-element elementor-element-f522ecb\" data-id=\"f522ecb\" data-element_type=\"column\">\n\t\t\t<div class=\"elementor-widget-wrap elementor-element-populated\">\n\t\t\t\t\t\t<div class=\"elementor-element elementor-element-40b0968 elementor-widget elementor-widget-heading\" data-id=\"40b0968\" data-element_type=\"widget\" data-widget_type=\"heading.default\">\n\t\t\t\t<div class=\"elementor-widget-container\">\n\t\t\t\t\t<h2 class=\"elementor-heading-title elementor-size-default\">Tala\u015fl\u0131 \u00dcretim ile ilgili arad\u0131\u011f\u0131n\u0131z her \u015fey...<\/h2>\t\t\t\t<\/div>\n\t\t\t\t<\/div>\n\t\t\t\t\t<\/div>\n\t\t<\/div>\n\t\t\t\t<div class=\"elementor-column elementor-col-50 elementor-inner-column elementor-element elementor-element-0ea1dfa\" data-id=\"0ea1dfa\" data-element_type=\"column\">\n\t\t\t<div class=\"elementor-widget-wrap elementor-element-populated\">\n\t\t\t\t\t\t<div class=\"elementor-element elementor-element-0814745 elementor-view-stacked elementor-position-left elementor-tablet-position-top elementor-shape-circle elementor-mobile-position-top elementor-vertical-align-top elementor-widget elementor-widget-icon-box\" data-id=\"0814745\" data-element_type=\"widget\" data-widget_type=\"icon-box.default\">\n\t\t\t\t<div class=\"elementor-widget-container\">\n\t\t\t\t\t\t\t<div class=\"elementor-icon-box-wrapper\">\n\n\t\t\t\t\t\t<div class=\"elementor-icon-box-icon\">\n\t\t\t\t<span  class=\"elementor-icon\">\n\t\t\t\t<svg aria-hidden=\"true\" class=\"e-font-icon-svg e-fas-phone-volume\" viewBox=\"0 0 384 512\" xmlns=\"http:\/\/www.w3.org\/2000\/svg\"><path d=\"M97.333 506.966c-129.874-129.874-129.681-340.252 0-469.933 5.698-5.698 14.527-6.632 21.263-2.422l64.817 40.513a17.187 17.187 0 0 1 6.849 20.958l-32.408 81.021a17.188 17.188 0 0 1-17.669 10.719l-55.81-5.58c-21.051 58.261-20.612 122.471 0 179.515l55.811-5.581a17.188 17.188 0 0 1 17.669 10.719l32.408 81.022a17.188 17.188 0 0 1-6.849 20.958l-64.817 40.513a17.19 17.19 0 0 1-21.264-2.422zM247.126 95.473c11.832 20.047 11.832 45.008 0 65.055-3.95 6.693-13.108 7.959-18.718 2.581l-5.975-5.726c-3.911-3.748-4.793-9.622-2.261-14.41a32.063 32.063 0 0 0 0-29.945c-2.533-4.788-1.65-10.662 2.261-14.41l5.975-5.726c5.61-5.378 14.768-4.112 18.718 2.581zm91.787-91.187c60.14 71.604 60.092 175.882 0 247.428-4.474 5.327-12.53 5.746-17.552.933l-5.798-5.557c-4.56-4.371-4.977-11.529-.93-16.379 49.687-59.538 49.646-145.933 0-205.422-4.047-4.85-3.631-12.008.93-16.379l5.798-5.557c5.022-4.813 13.078-4.394 17.552.933zm-45.972 44.941c36.05 46.322 36.108 111.149 0 157.546-4.39 5.641-12.697 6.251-17.856 1.304l-5.818-5.579c-4.4-4.219-4.998-11.095-1.285-15.931 26.536-34.564 26.534-82.572 0-117.134-3.713-4.836-3.115-11.711 1.285-15.931l5.818-5.579c5.159-4.947 13.466-4.337 17.856 1.304z\"><\/path><\/svg>\t\t\t\t<\/span>\n\t\t\t<\/div>\n\t\t\t\n\t\t\t\t\t\t<div class=\"elementor-icon-box-content\">\n\n\t\t\t\t\t\t\t\t\t<h3 class=\"elementor-icon-box-title\">\n\t\t\t\t\t\t<span  >\n\t\t\t\t\t\t\t+90 262 502 05 89\t\t\t\t\t\t<\/span>\n\t\t\t\t\t<\/h3>\n\t\t\t\t\n\t\t\t\t\t\t\t\t\t<p class=\"elementor-icon-box-description\">\n\t\t\t\t\t\tBize Ula\u015f\u0131n\t\t\t\t\t<\/p>\n\t\t\t\t\n\t\t\t<\/div>\n\t\t\t\n\t\t<\/div>\n\t\t\t\t\t\t<\/div>\n\t\t\t\t<\/div>\n\t\t\t\t\t<\/div>\n\t\t<\/div>\n\t\t\t\t\t<\/div>\n\t\t<\/section>\n\t\t\t\t\t<\/div>\n\t\t<\/div>\n\t\t\t\t\t<\/div>\n\t\t<\/section>\n\t\t\t\t<section class=\"elementor-section elementor-top-section elementor-element elementor-element-5ecf26c elementor-section-boxed elementor-section-height-default elementor-section-height-default\" data-id=\"5ecf26c\" data-element_type=\"section\">\n\t\t\t\t\t\t<div class=\"elementor-container elementor-column-gap-default\">\n\t\t\t\t\t<div class=\"elementor-column elementor-col-100 elementor-top-column elementor-element elementor-element-c42f717\" data-id=\"c42f717\" data-element_type=\"column\">\n\t\t\t<div class=\"elementor-widget-wrap elementor-element-populated\">\n\t\t\t\t\t\t<div class=\"elementor-element elementor-element-83d7a86 elementor-widget elementor-widget-modina_service_card\" data-id=\"83d7a86\" data-element_type=\"widget\" data-widget_type=\"modina_service_card.default\">\n\t\t\t\t<div class=\"elementor-widget-container\">\n\t\t\t\t\t\r\n    <div class=\"row\">\r\n     \r\n        <div class=\"col-md-6 col-xl-3 col-12\">\r\n            <div class=\"single-service-item service-1  active \">\r\n                <div class=\"service-bg bg-cover\" style=\"background-image: url('https:\/\/mntasarim.com.tr\/tr\/wp-content\/uploads\/2024\/11\/kaybakli_imalat.jpg')\"><\/div>\r\n                                <div class=\"icon\">\r\n                    <i class=\"flaticon-engineering\"><\/i>\r\n                <\/div>\r\n                                <h3>Kaynakl\u0131 \u0130malatlar<\/h3>\r\n                <a href=\"  \"><span><\/span><i class=\"fal fa-long-arrow-right\"><\/i><\/a>\r\n            <\/div>\r\n        <\/div>\r\n         \r\n        <div class=\"col-md-6 col-xl-3 col-12\">\r\n            <div class=\"single-service-item service-1  active \">\r\n                <div class=\"service-bg bg-cover\" style=\"background-image: url('https:\/\/mntasarim.com.tr\/tr\/wp-content\/uploads\/2024\/11\/kalip_fikstur-scaled.jpg')\"><\/div>\r\n                                <div class=\"icon\">\r\n                    <i class=\"flaticon-engineering\"><\/i>\r\n                <\/div>\r\n                                <h3>Kal\u0131p ve Fikst\u00fcr \u0130malat\u0131<\/h3>\r\n                <a href=\"#  \"><span><\/span><i class=\"fal fa-long-arrow-right\"><\/i><\/a>\r\n            <\/div>\r\n        <\/div>\r\n         \r\n        <div class=\"col-md-6 col-xl-3 col-12\">\r\n            <div class=\"single-service-item service-1  active \">\r\n                <div class=\"service-bg bg-cover\" style=\"background-image: url('https:\/\/mntasarim.com.tr\/tr\/wp-content\/uploads\/2024\/11\/makina_gtovdersi.jpg')\"><\/div>\r\n                                <div class=\"icon\">\r\n                    <i class=\"flaticon-manufacturing\"><\/i>\r\n                <\/div>\r\n                                <h3>Makine G\u00f6vdeleri<\/h3>\r\n                <a href=\"#  \"><span><\/span><i class=\"fal fa-long-arrow-right\"><\/i><\/a>\r\n            <\/div>\r\n        <\/div>\r\n         \r\n        <div class=\"col-md-6 col-xl-3 col-12\">\r\n            <div class=\"single-service-item service-1  active \">\r\n                <div class=\"service-bg bg-cover\" style=\"background-image: url('https:\/\/mntasarim.com.tr\/tr\/wp-content\/uploads\/2024\/11\/handhane_ekip.jpg')\"><\/div>\r\n                                <div class=\"icon\">\r\n                    <i class=\"flaticon-engineering-3\"><\/i>\r\n                <\/div>\r\n                                <h3>Haddehane Ekipmanlar\u0131<\/h3>\r\n                <a href=\"#  \"><span><\/span><i class=\"fal fa-long-arrow-right\"><\/i><\/a>\r\n            <\/div>\r\n        <\/div>\r\n            <\/div>\r\n\r\n    \t\t\t\t<\/div>\n\t\t\t\t<\/div>\n\t\t\t\t\t<\/div>\n\t\t<\/div>\n\t\t\t\t\t<\/div>\n\t\t<\/section>\n\t\t\t\t<section class=\"elementor-section elementor-top-section elementor-element elementor-element-dd147ea elementor-section-boxed elementor-section-height-default elementor-section-height-default\" data-id=\"dd147ea\" data-element_type=\"section\" data-settings=\"{&quot;background_background&quot;:&quot;classic&quot;}\">\n\t\t\t\t\t\t\t<div class=\"elementor-background-overlay\"><\/div>\n\t\t\t\t\t\t\t<div class=\"elementor-container elementor-column-gap-default\">\n\t\t\t\t\t<div class=\"elementor-column elementor-col-100 elementor-top-column elementor-element elementor-element-701f7a5\" data-id=\"701f7a5\" data-element_type=\"column\">\n\t\t\t<div class=\"elementor-widget-wrap elementor-element-populated\">\n\t\t\t\t\t\t<div class=\"elementor-element elementor-element-7559afb elementor-widget elementor-widget-image\" data-id=\"7559afb\" data-element_type=\"widget\" data-widget_type=\"image.default\">\n\t\t\t\t<div class=\"elementor-widget-container\">\n\t\t\t\t\t\t\t\t\t\t\t\t\t\t\t<img fetchpriority=\"high\" decoding=\"async\" width=\"5334\" height=\"1147\" src=\"https:\/\/mntasarim.com.tr\/tr\/wp-content\/uploads\/2024\/10\/mn_logo_tasarim.png\" class=\"attachment-full size-full wp-image-2115\" alt=\"\" srcset=\"https:\/\/mntasarim.com.tr\/tr\/wp-content\/uploads\/2024\/10\/mn_logo_tasarim.png 5334w, https:\/\/mntasarim.com.tr\/tr\/wp-content\/uploads\/2024\/10\/mn_logo_tasarim-600x129.png 600w, https:\/\/mntasarim.com.tr\/tr\/wp-content\/uploads\/2024\/10\/mn_logo_tasarim-300x65.png 300w, https:\/\/mntasarim.com.tr\/tr\/wp-content\/uploads\/2024\/10\/mn_logo_tasarim-1024x220.png 1024w, https:\/\/mntasarim.com.tr\/tr\/wp-content\/uploads\/2024\/10\/mn_logo_tasarim-768x165.png 768w, https:\/\/mntasarim.com.tr\/tr\/wp-content\/uploads\/2024\/10\/mn_logo_tasarim-1536x330.png 1536w, https:\/\/mntasarim.com.tr\/tr\/wp-content\/uploads\/2024\/10\/mn_logo_tasarim-2048x440.png 2048w\" sizes=\"(max-width: 5334px) 100vw, 5334px\" \/>\t\t\t\t\t\t\t\t\t\t\t\t\t\t\t<\/div>\n\t\t\t\t<\/div>\n\t\t\t\t<div class=\"elementor-element elementor-element-6b01eed elementor-widget elementor-widget-heading\" data-id=\"6b01eed\" data-element_type=\"widget\" data-widget_type=\"heading.default\">\n\t\t\t\t<div class=\"elementor-widget-container\">\n\t\t\t\t\t<h2 class=\"elementor-heading-title elementor-size-default\">MN Tasar\u0131m Ailesi olarak tasarlad\u0131\u011f\u0131m\u0131z par\u00e7alar\u0131 y\u00fcksek hassasiyet ve \u00f6zenle \u0130\u015fliyor, tasarrufunuza sunuyoruz.<\/h2>\t\t\t\t<\/div>\n\t\t\t\t<\/div>\n\t\t\t\t<div class=\"elementor-element elementor-element-3febea5 elementor-align-center elementor-widget elementor-widget-button\" data-id=\"3febea5\" data-element_type=\"widget\" data-widget_type=\"button.default\">\n\t\t\t\t<div class=\"elementor-widget-container\">\n\t\t\t\t\t\t\t\t\t<div class=\"elementor-button-wrapper\">\n\t\t\t\t\t<a class=\"elementor-button elementor-button-link elementor-size-sm\" href=\"https:\/\/mntasarim.com.tr\/tr\/contact-us\/\">\n\t\t\t\t\t\t<span class=\"elementor-button-content-wrapper\">\n\t\t\t\t\t\t<span class=\"elementor-button-icon\">\n\t\t\t\t<svg aria-hidden=\"true\" class=\"e-font-icon-svg e-fas-long-arrow-alt-right\" viewBox=\"0 0 448 512\" xmlns=\"http:\/\/www.w3.org\/2000\/svg\"><path d=\"M313.941 216H12c-6.627 0-12 5.373-12 12v56c0 6.627 5.373 12 12 12h301.941v46.059c0 21.382 25.851 32.09 40.971 16.971l86.059-86.059c9.373-9.373 9.373-24.569 0-33.941l-86.059-86.059c-15.119-15.119-40.971-4.411-40.971 16.971V216z\"><\/path><\/svg>\t\t\t<\/span>\n\t\t\t\t\t\t\t\t\t<span class=\"elementor-button-text\">bizimle \u0130leti\u015fime Ge\u00e7mek \u0130\u00e7in <\/span>\n\t\t\t\t\t<\/span>\n\t\t\t\t\t<\/a>\n\t\t\t\t<\/div>\n\t\t\t\t\t\t\t\t<\/div>\n\t\t\t\t<\/div>\n\t\t\t\t\t<\/div>\n\t\t<\/div>\n\t\t\t\t\t<\/div>\n\t\t<\/section>\n\t\t\t\t<\/div>\n\t\t","protected":false},"excerpt":{"rendered":"<p>Tala\u015fl\u0131 \u00dcretim MN Tasar\u0131m&#039;a Ho\u015fgeldiniz MN Tasar\u0131m Ailesi olarak Alan\u0131nda deneyimli kadro Services Alan\u0131nda Deneyimli Tecr\u00fcbeli Kadrosu \u0130le \u00fcretim yapmaktay\u0131z Mn Tasar\u0131m 2013 y\u0131l\u0131nda Bayrampa\u015fa\/\u0130stanbul da kurulmu\u015f ve tala\u015fl\u0131 imalat sekt\u00f6r\u00fcnde fason imalat\u0131 yaparak faaliyetlerine ba\u015flam\u0131\u015ft\u0131r. Kuruldu\u011fu y\u0131ldan bu yana tala\u015fl\u0131 imalat sekt\u00f6r\u00fcnde en y\u00fcksek kalite standartlar\u0131nda \u00fcretim faaliyetlerini s\u00fcrd\u00fcrmektedir. 2017 y\u0131l\u0131na kadar \u0130stanbul da [&hellip;]<\/p>\n","protected":false},"author":1,"featured_media":0,"parent":0,"menu_order":0,"comment_status":"closed","ping_status":"closed","template":"elementor_header_footer","meta":{"om_disable_all_campaigns":false,"_monsterinsights_skip_tracking":false,"_monsterinsights_sitenote_active":false,"_monsterinsights_sitenote_note":"","_monsterinsights_sitenote_category":0,"footnotes":""},"class_list":["post-2066","page","type-page","status-publish","hentry"],"acf":[],"aioseo_notices":[],"_links":{"self":[{"href":"https:\/\/mntasarim.com.tr\/tr\/wp-json\/wp\/v2\/pages\/2066","targetHints":{"allow":["GET"]}}],"collection":[{"href":"https:\/\/mntasarim.com.tr\/tr\/wp-json\/wp\/v2\/pages"}],"about":[{"href":"https:\/\/mntasarim.com.tr\/tr\/wp-json\/wp\/v2\/types\/page"}],"author":[{"embeddable":true,"href":"https:\/\/mntasarim.com.tr\/tr\/wp-json\/wp\/v2\/users\/1"}],"replies":[{"embeddable":true,"href":"https:\/\/mntasarim.com.tr\/tr\/wp-json\/wp\/v2\/comments?post=2066"}],"version-history":[{"count":137,"href":"https:\/\/mntasarim.com.tr\/tr\/wp-json\/wp\/v2\/pages\/2066\/revisions"}],"predecessor-version":[{"id":2444,"href":"https:\/\/mntasarim.com.tr\/tr\/wp-json\/wp\/v2\/pages\/2066\/revisions\/2444"}],"wp:attachment":[{"href":"https:\/\/mntasarim.com.tr\/tr\/wp-json\/wp\/v2\/media?parent=2066"}],"curies":[{"name":"wp","href":"https:\/\/api.w.org\/{rel}","templated":true}]}}